{"id":28,"date":"2021-09-16T09:29:03","date_gmt":"2021-09-16T09:29:03","guid":{"rendered":"https:\/\/www.lpnp.pt\/?page_id=28"},"modified":"2021-10-24T15:35:04","modified_gmt":"2021-10-24T15:35:04","slug":"home","status":"publish","type":"page","link":"https:\/\/www.lpnp.pt\/","title":{"rendered":"Home"},"content":{"rendered":"\t\t<div data-elementor-type=\"wp-page\" data-elementor-id=\"28\" class=\"elementor elementor-28\" data-elementor-settings=\"[]\">\n\t\t\t\t\t\t\t<div class=\"elementor-section-wrap\">\n\t\t\t\t\t\t\t<section class=\"elementor-section elementor-top-section elementor-element elementor-element-99f6dd8 elementor-section-boxed elementor-section-height-default elementor-section-height-default\" data-id=\"99f6dd8\" data-element_type=\"section\">\n\t\t\t\t\t\t<div class=\"elementor-container elementor-column-gap-default\">\n\t\t\t\t\t<div class=\"elementor-column elementor-col-100 elementor-top-column elementor-element elementor-element-e3a97fb\" data-id=\"e3a97fb\" data-element_type=\"column\">\n\t\t\t<div class=\"elementor-widget-wrap elementor-element-populated\">\n\t\t\t\t\t\t\t\t<div class=\"elementor-element elementor-element-09c622e elementor-widget elementor-widget-heading\" data-id=\"09c622e\" data-element_type=\"widget\" data-widget_type=\"heading.default\">\n\t\t\t\t<div class=\"elementor-widget-container\">\n\t\t\t<h3 class=\"elementor-heading-title elementor-size-default\">Quem somos?<\/h3>\t\t<\/div>\n\t\t\t\t<\/div>\n\t\t\t\t\t<\/div>\n\t\t<\/div>\n\t\t\t\t\t\t\t<\/div>\n\t\t<\/section>\n\t\t\t\t<section class=\"elementor-section elementor-top-section elementor-element elementor-element-24c9e39 elementor-section-boxed elementor-section-height-default elementor-section-height-default\" data-id=\"24c9e39\" data-element_type=\"section\">\n\t\t\t\t\t\t<div class=\"elementor-container elementor-column-gap-default\">\n\t\t\t\t\t<div class=\"elementor-column elementor-col-100 elementor-top-column elementor-element elementor-element-65dc609\" data-id=\"65dc609\" data-element_type=\"column\">\n\t\t\t<div class=\"elementor-widget-wrap elementor-element-populated\">\n\t\t\t\t\t\t\t\t<div class=\"elementor-element elementor-element-27b4b4c elementor-widget elementor-widget-text-editor\" data-id=\"27b4b4c\" data-element_type=\"widget\" data-widget_type=\"text-editor.default\">\n\t\t\t\t<div class=\"elementor-widget-container\">\n\t\t\t\t\t\t\t<p>A LPNP Constru\u00e7\u00f5es Unipessoal Lda, apresenta-se como uma empresa de constru\u00e7\u00e3o civil, especializada em edif\u00edcios, moradias e empreendimentos de alta qualidade na regi\u00e3o do Algarve.<\/p><p>Na sociedade atual, em evolu\u00e7\u00e3o constante, surge a necessidade das empresas de constru\u00e7\u00e3o civil se posicionarem e distinguirem num mercado fortemente competitivo para dar resposta a clientes cada vez mais exigentes.<\/p><p>Neste contexto a LPNP est\u00e1 no mercado desde 2006, sediada em Loul\u00e9 (Algarve) e tem vindo a desenvolver a sua atividade no \u00e2mbito da constru\u00e7\u00e3o civil. \u00c9 dotada de um Quadro T\u00e9cnico de elevada capacidade e qualidade, com uma vasta experi\u00eancia que est\u00e1 alicer\u00e7ada no seu s\u00f3cio gerente, Eng.\u00ba Lu\u00eds Pedro, e num excelente conjunto de recursos humanos, colaboradores e empresas externas, que permitem garantir um trabalho de qualidade, dinamismo, rigor e exig\u00eancia, indo ao encontro das expectativas e satisfa\u00e7\u00e3o de todos aqueles que como parceiros, colaboradores ou clientes connosco lidam diariamente.<\/p><p>Estamos ao dispor de todos v\u00f3s com vista a proporcionarmos a melhor solu\u00e7\u00e3o para o projeto ou constru\u00e7\u00e3o que sempre ambicionaram.<\/p>\t\t\t\t\t\t<\/div>\n\t\t\t\t<\/div>\n\t\t\t\t\t<\/div>\n\t\t<\/div>\n\t\t\t\t\t\t\t<\/div>\n\t\t<\/section>\n\t\t\t\t<section class=\"elementor-section elementor-top-section elementor-element elementor-element-9034bfd elementor-section-boxed elementor-section-height-default elementor-section-height-default\" data-id=\"9034bfd\" data-element_type=\"section\">\n\t\t\t\t\t\t<div class=\"elementor-container elementor-column-gap-default\">\n\t\t\t\t\t<div class=\"elementor-column elementor-col-100 elementor-top-column elementor-element elementor-element-7bf0ff5\" data-id=\"7bf0ff5\" data-element_type=\"column\">\n\t\t\t<div class=\"elementor-widget-wrap elementor-element-populated\">\n\t\t\t\t\t\t\t\t<div class=\"elementor-element elementor-element-59a9076 elementor-widget elementor-widget-heading\" data-id=\"59a9076\" data-element_type=\"widget\" data-widget_type=\"heading.default\">\n\t\t\t\t<div class=\"elementor-widget-container\">\n\t\t\t<h3 class=\"elementor-heading-title elementor-size-default\">O que fazemos<\/h3>\t\t<\/div>\n\t\t\t\t<\/div>\n\t\t\t\t\t<\/div>\n\t\t<\/div>\n\t\t\t\t\t\t\t<\/div>\n\t\t<\/section>\n\t\t\t\t<section class=\"elementor-section elementor-top-section elementor-element elementor-element-7eca694 elementor-section-boxed elementor-section-height-default elementor-section-height-default\" data-id=\"7eca694\" data-element_type=\"section\">\n\t\t\t\t\t\t<div class=\"elementor-container elementor-column-gap-default\">\n\t\t\t\t\t<div class=\"elementor-column elementor-col-50 elementor-top-column elementor-element elementor-element-7fa06c1\" data-id=\"7fa06c1\" data-element_type=\"column\">\n\t\t\t<div class=\"elementor-widget-wrap elementor-element-populated\">\n\t\t\t\t\t\t\t\t<div class=\"elementor-element elementor-element-0e84bfd elementor-widget elementor-widget-text-editor\" data-id=\"0e84bfd\" data-element_type=\"widget\" data-widget_type=\"text-editor.default\">\n\t\t\t\t<div class=\"elementor-widget-container\">\n\t\t\t\t\t\t\t<p>A atividade da LPNP \u00e9 bastante vasta tendo como base principal a constru\u00e7\u00e3o civil para venda ou para clientes (empreitadas &#8211; chave na m\u00e3o). Baseia tamb\u00e9m o seu desenvolvimento na compra e venda de propriedades e na elabora\u00e7\u00e3o e promo\u00e7\u00e3o de projetos e empreendimentos, sobretudo tur\u00edsticos e de habita\u00e7\u00e3o, mas tamb\u00e9m hoteleiros, de servi\u00e7os, comerciais e industriais.<\/p><p>Nascemos para dar resposta \u00e0s suas reais necessidades, baseando-nos num acumular de experi\u00eancia, saberes e ambi\u00e7\u00e3o para encarar e continuar a acreditar no futuro.<\/p><p>A LPNP pretende oferecer mais e melhores solu\u00e7\u00f5es, garantir o acompanhamento continuo dos seus clientes, disponibilizando-nos para trabalhar com total dedica\u00e7\u00e3o, com uma equipa empenhada e apaixonada por aquilo que faz e que se entrega de corpo e alma a cada projeto, obra ou empreendimento, independentemente da sua dimens\u00e3o.<\/p>\t\t\t\t\t\t<\/div>\n\t\t\t\t<\/div>\n\t\t\t\t\t<\/div>\n\t\t<\/div>\n\t\t\t\t<div class=\"elementor-column elementor-col-50 elementor-top-column elementor-element elementor-element-a742834\" data-id=\"a742834\" data-element_type=\"column\">\n\t\t\t<div class=\"elementor-widget-wrap elementor-element-populated\">\n\t\t\t\t\t\t\t\t<div class=\"elementor-element elementor-element-21159b1 elementor-widget elementor-widget-image\" data-id=\"21159b1\" data-element_type=\"widget\" data-widget_type=\"image.default\">\n\t\t\t\t<div class=\"elementor-widget-container\">\n\t\t\t\t\t\t\t\t\t\t\t\t\t\t\t<img width=\"1024\" height=\"736\" src=\"https:\/\/www.lpnp.pt\/wp-content\/uploads\/2021\/09\/IMG_20210906_1153262-1024x736.jpg\" class=\"attachment-large size-large\" alt=\"LPNP, Constru\u00e7\u00f5es Unipessoal, Lda.\" loading=\"lazy\" srcset=\"https:\/\/www.lpnp.pt\/wp-content\/uploads\/2021\/09\/IMG_20210906_1153262-1024x736.jpg 1024w, https:\/\/www.lpnp.pt\/wp-content\/uploads\/2021\/09\/IMG_20210906_1153262-300x215.jpg 300w, https:\/\/www.lpnp.pt\/wp-content\/uploads\/2021\/09\/IMG_20210906_1153262-768x552.jpg 768w, https:\/\/www.lpnp.pt\/wp-content\/uploads\/2021\/09\/IMG_20210906_1153262-830x596.jpg 830w, https:\/\/www.lpnp.pt\/wp-content\/uploads\/2021\/09\/IMG_20210906_1153262-230x165.jpg 230w, https:\/\/www.lpnp.pt\/wp-content\/uploads\/2021\/09\/IMG_20210906_1153262-350x251.jpg 350w, https:\/\/www.lpnp.pt\/wp-content\/uploads\/2021\/09\/IMG_20210906_1153262-480x345.jpg 480w, https:\/\/www.lpnp.pt\/wp-content\/uploads\/2021\/09\/IMG_20210906_1153262.jpg 1530w\" sizes=\"(max-width: 1024px) 100vw, 1024px\" \/>\t\t\t\t\t\t\t\t\t\t\t\t\t\t\t<\/div>\n\t\t\t\t<\/div>\n\t\t\t\t\t<\/div>\n\t\t<\/div>\n\t\t\t\t\t\t\t<\/div>\n\t\t<\/section>\n\t\t\t\t<section class=\"elementor-section elementor-top-section elementor-element elementor-element-76cd954 elementor-section-boxed elementor-section-height-default elementor-section-height-default\" data-id=\"76cd954\" data-element_type=\"section\">\n\t\t\t\t\t\t<div class=\"elementor-container elementor-column-gap-default\">\n\t\t\t\t\t<div class=\"elementor-column elementor-col-100 elementor-top-column elementor-element elementor-element-320b8e6\" data-id=\"320b8e6\" data-element_type=\"column\">\n\t\t\t<div class=\"elementor-widget-wrap elementor-element-populated\">\n\t\t\t\t\t\t\t\t<div class=\"elementor-element elementor-element-7e7bd67 elementor-widget elementor-widget-heading\" data-id=\"7e7bd67\" data-element_type=\"widget\" data-widget_type=\"heading.default\">\n\t\t\t\t<div class=\"elementor-widget-container\">\n\t\t\t<h3 class=\"elementor-heading-title elementor-size-default\">Os objectivos<\/h3>\t\t<\/div>\n\t\t\t\t<\/div>\n\t\t\t\t\t<\/div>\n\t\t<\/div>\n\t\t\t\t\t\t\t<\/div>\n\t\t<\/section>\n\t\t\t\t<section class=\"elementor-section elementor-top-section elementor-element elementor-element-dae9a4a elementor-section-boxed elementor-section-height-default elementor-section-height-default\" data-id=\"dae9a4a\" data-element_type=\"section\">\n\t\t\t\t\t\t<div class=\"elementor-container elementor-column-gap-default\">\n\t\t\t\t\t<div class=\"elementor-column elementor-col-50 elementor-top-column elementor-element elementor-element-394c840\" data-id=\"394c840\" data-element_type=\"column\">\n\t\t\t<div class=\"elementor-widget-wrap elementor-element-populated\">\n\t\t\t\t\t\t\t\t<div class=\"elementor-element elementor-element-09fabdc elementor-widget elementor-widget-image\" data-id=\"09fabdc\" data-element_type=\"widget\" data-widget_type=\"image.default\">\n\t\t\t\t<div class=\"elementor-widget-container\">\n\t\t\t\t\t\t\t\t\t\t\t\t\t\t\t<img width=\"768\" height=\"1024\" src=\"https:\/\/www.lpnp.pt\/wp-content\/uploads\/2021\/09\/IMG_20210906_1212052-768x1024.jpg\" class=\"attachment-large size-large\" alt=\"LPNP, Constru\u00e7\u00f5es Unipessoal, Lda.\" loading=\"lazy\" srcset=\"https:\/\/www.lpnp.pt\/wp-content\/uploads\/2021\/09\/IMG_20210906_1212052-768x1024.jpg 768w, https:\/\/www.lpnp.pt\/wp-content\/uploads\/2021\/09\/IMG_20210906_1212052-225x300.jpg 225w, https:\/\/www.lpnp.pt\/wp-content\/uploads\/2021\/09\/IMG_20210906_1212052-1152x1536.jpg 1152w, https:\/\/www.lpnp.pt\/wp-content\/uploads\/2021\/09\/IMG_20210906_1212052-830x1107.jpg 830w, https:\/\/www.lpnp.pt\/wp-content\/uploads\/2021\/09\/IMG_20210906_1212052-230x307.jpg 230w, https:\/\/www.lpnp.pt\/wp-content\/uploads\/2021\/09\/IMG_20210906_1212052-350x467.jpg 350w, https:\/\/www.lpnp.pt\/wp-content\/uploads\/2021\/09\/IMG_20210906_1212052-480x640.jpg 480w, https:\/\/www.lpnp.pt\/wp-content\/uploads\/2021\/09\/IMG_20210906_1212052.jpg 1200w\" sizes=\"(max-width: 768px) 100vw, 768px\" \/>\t\t\t\t\t\t\t\t\t\t\t\t\t\t\t<\/div>\n\t\t\t\t<\/div>\n\t\t\t\t\t<\/div>\n\t\t<\/div>\n\t\t\t\t<div class=\"elementor-column elementor-col-50 elementor-top-column elementor-element elementor-element-23b37ee\" data-id=\"23b37ee\" data-element_type=\"column\">\n\t\t\t<div class=\"elementor-widget-wrap elementor-element-populated\">\n\t\t\t\t\t\t\t\t<div class=\"elementor-element elementor-element-6f8ebf1 elementor-widget elementor-widget-text-editor\" data-id=\"6f8ebf1\" data-element_type=\"widget\" data-widget_type=\"text-editor.default\">\n\t\t\t\t<div class=\"elementor-widget-container\">\n\t\t\t\t\t\t\t<p>Num mundo em constante evolu\u00e7\u00e3o e cada vez mais exigente, uma das principais preocupa\u00e7\u00f5es da LPNP, Lda \u00e9 proporcionar aos nossos clientes as melhores e mais atualizadas solu\u00e7\u00f5es t\u00e9cnicas, de conforto, de seguran\u00e7a, de economia, de rigor, de qualidade e de inova\u00e7\u00e3o.<\/p><p>A LPNP, Lda confronta-se diariamente com novos desafios, pelo que \u00e9 nosso primordial objetivo e compromisso apostar na melhoria cont\u00ednua dos servi\u00e7os prestados pela empresa, que se baseia em:<\/p><p>Procurar a excel\u00eancia na nossa atividade;<\/p><ul><li>Satisfazer as expectativas dos nossos clientes em rela\u00e7\u00e3o ao rigor, capacidade t\u00e9cnica e qualidade dos servi\u00e7os prestados;<\/li><li>Inovar e surpreender os clientes com novas solu\u00e7\u00f5es t\u00e9cnicas indo ao encontro da crescente exig\u00eancia regulamentar;<\/li><li>Estar rodeada dos melhores t\u00e9cnicos, trabalhadores, colaboradores, fornecedores, prestadores de servi\u00e7os, sub empreiteiros e instaladores;<\/li><li>Proporcionar a melhor qualidade cumprindo os prazos acordados com a m\u00e1xima efici\u00eancia e seguran\u00e7a;<\/li><li>Realizar os trabalhos em conformidade com os projetos aprovados, regras t\u00e9cnicas, normas legais, requisitos aplic\u00e1veis e as metodologias estabelecidas.<\/li><li>Apostar em recursos humanos de elevad\u00edssima capacidade, qualidade e confian\u00e7a, garantido uma forma\u00e7\u00e3o cont\u00ednua e dando especial aten\u00e7\u00e3o \u00e0s quest\u00f5es de Seguran\u00e7a, Higiene e Sa\u00fade no trabalho.<\/li><\/ul>\t\t\t\t\t\t<\/div>\n\t\t\t\t<\/div>\n\t\t\t\t\t<\/div>\n\t\t<\/div>\n\t\t\t\t\t\t\t<\/div>\n\t\t<\/section>\n\t\t\t\t\t\t<\/div>\n\t\t\t\t\t<\/div>\n\t\t","protected":false},"excerpt":{"rendered":"<p>Quem somos? A LPNP Constru\u00e7\u00f5es Unipessoal Lda, apresenta-se como uma empresa de constru\u00e7\u00e3o civil, especializada em edif\u00edcios, moradias e empreendimentos de alta qualidade na regi\u00e3o do Algarve. Na sociedade atual, em evolu\u00e7\u00e3o constante, surge a necessidade das empresas de constru\u00e7\u00e3o civil se posicionarem e distinguirem num mercado fortemente competitivo para dar resposta a clientes cada [&hellip;]<\/p>\n","protected":false},"author":1,"featured_media":0,"parent":0,"menu_order":0,"comment_status":"closed","ping_status":"closed","template":"page-templates\/page_fullwidth.php","meta":[],"_links":{"self":[{"href":"https:\/\/www.lpnp.pt\/index.php?rest_route=\/wp\/v2\/pages\/28"}],"collection":[{"href":"https:\/\/www.lpnp.pt\/index.php?rest_route=\/wp\/v2\/pages"}],"about":[{"href":"https:\/\/www.lpnp.pt\/index.php?rest_route=\/wp\/v2\/types\/page"}],"author":[{"embeddable":true,"href":"https:\/\/www.lpnp.pt\/index.php?rest_route=\/wp\/v2\/users\/1"}],"replies":[{"embeddable":true,"href":"https:\/\/www.lpnp.pt\/index.php?rest_route=%2Fwp%2Fv2%2Fcomments&post=28"}],"version-history":[{"count":23,"href":"https:\/\/www.lpnp.pt\/index.php?rest_route=\/wp\/v2\/pages\/28\/revisions"}],"predecessor-version":[{"id":345,"href":"https:\/\/www.lpnp.pt\/index.php?rest_route=\/wp\/v2\/pages\/28\/revisions\/345"}],"wp:attachment":[{"href":"https:\/\/www.lpnp.pt\/index.php?rest_route=%2Fwp%2Fv2%2Fmedia&parent=28"}],"curies":[{"name":"wp","href":"https:\/\/api.w.org\/{rel}","templated":true}]}}